{"id":16,"date":"2021-05-19T07:42:09","date_gmt":"2021-05-19T07:42:09","guid":{"rendered":"https:\/\/www.artep.hu\/contact\/"},"modified":"2023-10-19T13:24:57","modified_gmt":"2023-10-19T11:24:57","slug":"kapcsolat","status":"publish","type":"page","link":"https:\/\/www.artep.hu\/en\/kapcsolat\/","title":{"rendered":"Contact"},"content":{"rendered":"\t\t<div data-elementor-type=\"wp-page\" data-elementor-id=\"16\" class=\"elementor elementor-16\">\n\t\t\t\t\t\t<section class=\"elementor-section elementor-top-section elementor-element elementor-element-9c681b1 elementor-section-height-min-height elementor-reverse-mobile elementor-section-boxed elementor-section-height-default elementor-section-items-middle\" data-id=\"9c681b1\" data-element_type=\"section\" data-e-type=\"section\" data-settings=\"{&quot;background_background&quot;:&quot;classic&quot;}\">\n\t\t\t\t\t\t\t<div class=\"elementor-background-overlay\"><\/div>\n\t\t\t\t\t\t\t<div class=\"elementor-container elementor-column-gap-no\">\n\t\t\t\t\t<div class=\"elementor-column elementor-col-50 elementor-top-column elementor-element elementor-element-1149cce\" data-id=\"1149cce\" data-element_type=\"column\" data-e-type=\"column\">\n\t\t\t<div class=\"elementor-widget-wrap elementor-element-populated\">\n\t\t\t\t\t\t<div class=\"elementor-element elementor-element-465ff67 elementor-widget-divider--view-line elementor-widget elementor-widget-divider\" data-id=\"465ff67\" data-element_type=\"widget\" data-e-type=\"widget\" data-widget_type=\"divider.default\">\n\t\t\t\t<div class=\"elementor-widget-container\">\n\t\t\t\t\t\t\t<div class=\"elementor-divider\">\n\t\t\t<span class=\"elementor-divider-separator\">\n\t\t\t\t\t\t<\/span>\n\t\t<\/div>\n\t\t\t\t\t\t<\/div>\n\t\t\t\t<\/div>\n\t\t\t\t<div class=\"elementor-element elementor-element-caba11c elementor-widget elementor-widget-heading\" data-id=\"caba11c\" data-element_type=\"widget\" data-e-type=\"widget\" data-widget_type=\"heading.default\">\n\t\t\t\t<div class=\"elementor-widget-container\">\n\t\t\t\t\t<h1 class=\"elementor-heading-title elementor-size-default\">Kapcsolat<\/h1>\t\t\t\t<\/div>\n\t\t\t\t<\/div>\n\t\t\t\t\t<\/div>\n\t\t<\/div>\n\t\t\t\t<div class=\"elementor-column elementor-col-50 elementor-top-column elementor-element elementor-element-441b422\" data-id=\"441b422\" data-element_type=\"column\" data-e-type=\"column\">\n\t\t\t<div class=\"elementor-widget-wrap elementor-element-populated\">\n\t\t\t\t\t\t<div class=\"elementor-element elementor-element-343170a elementor-widget elementor-widget-image\" data-id=\"343170a\" data-element_type=\"widget\" data-e-type=\"widget\" data-widget_type=\"image.default\">\n\t\t\t\t<div class=\"elementor-widget-container\">\n\t\t\t\t\t\t\t\t\t\t\t\t\t\t\t<img fetchpriority=\"high\" decoding=\"async\" width=\"2560\" height=\"1707\" src=\"https:\/\/www.artep.hu\/wp-content\/uploads\/2023\/07\/laptop-scaled.jpg\" class=\"attachment-full size-full wp-image-568\" alt=\"grafikus\" srcset=\"https:\/\/www.artep.hu\/wp-content\/uploads\/2023\/07\/laptop-scaled.jpg 2560w, https:\/\/www.artep.hu\/wp-content\/uploads\/2023\/07\/laptop-300x200.jpg 300w, https:\/\/www.artep.hu\/wp-content\/uploads\/2023\/07\/laptop-1024x683.jpg 1024w, https:\/\/www.artep.hu\/wp-content\/uploads\/2023\/07\/laptop-768x512.jpg 768w, https:\/\/www.artep.hu\/wp-content\/uploads\/2023\/07\/laptop-1536x1024.jpg 1536w, https:\/\/www.artep.hu\/wp-content\/uploads\/2023\/07\/laptop-2048x1365.jpg 2048w\" sizes=\"(max-width: 2560px) 100vw, 2560px\" \/>\t\t\t\t\t\t\t\t\t\t\t\t\t\t\t<\/div>\n\t\t\t\t<\/div>\n\t\t\t\t\t<\/div>\n\t\t<\/div>\n\t\t\t\t\t<\/div>\n\t\t<\/section>\n\t\t\t\t<section class=\"elementor-section elementor-top-section elementor-element elementor-element-88fb9e9 elementor-section-height-min-height elementor-section-items-top elementor-section-boxed elementor-section-height-default\" data-id=\"88fb9e9\" data-element_type=\"section\" data-e-type=\"section\">\n\t\t\t\t\t\t<div class=\"elementor-container elementor-column-gap-no\">\n\t\t\t\t\t<div class=\"elementor-column elementor-col-50 elementor-top-column elementor-element elementor-element-6891c81\" data-id=\"6891c81\" data-element_type=\"column\" data-e-type=\"column\">\n\t\t\t<div class=\"elementor-widget-wrap elementor-element-populated\">\n\t\t\t\t\t\t<div class=\"elementor-element elementor-element-108dc41 elementor-widget elementor-widget-text-editor\" data-id=\"108dc41\" data-element_type=\"widget\" data-e-type=\"widget\" data-widget_type=\"text-editor.default\">\n\t\t\t\t<div class=\"elementor-widget-container\">\n\t\t\t\t\t\t\t\t\t<p class=\"has-text-align-left\">Szeretn\u00e9l egy log\u00f3t a v\u00e1llalkoz\u00e1sodnak vagy egy komplett arculatot? <br \/>\u00dct\u0151s sz\u00f3r\u00f3lapra van sz\u00fcks\u00e9ged vagy egy figyelemfelkelt\u0151 bor\u00edt\u00f3ra? <br \/>Van m\u00e1r konkr\u00e9t elk\u00e9pzel\u00e9sed \u00e9s szeretn\u00e9l \u00e1raj\u00e1nlatot k\u00e9rni?<\/p><h4><strong>Akkor ne habozz, l\u00e9pj velem kapcsolatba!<\/strong><\/h4><p class=\"has-text-align-left\">\u00a0<\/p><p><!-- \/wp:paragraph --><!-- wp:paragraph {\"align\":\"left\"} --><\/p>\t\t\t\t\t\t\t\t<\/div>\n\t\t\t\t<\/div>\n\t\t\t\t\t<\/div>\n\t\t<\/div>\n\t\t\t\t<div class=\"elementor-column elementor-col-50 elementor-top-column elementor-element elementor-element-01b2797\" data-id=\"01b2797\" data-element_type=\"column\" data-e-type=\"column\">\n\t\t\t<div class=\"elementor-widget-wrap elementor-element-populated\">\n\t\t\t\t\t\t<div class=\"elementor-element elementor-element-aba1113 elementor-widget elementor-widget-wpforms\" data-id=\"aba1113\" data-element_type=\"widget\" data-e-type=\"widget\" data-widget_type=\"wpforms.default\">\n\t\t\t\t<div class=\"elementor-widget-container\">\n\t\t\t\t\t<div class=\"wpforms-container \" id=\"wpforms-7\"><form id=\"wpforms-form-7\" class=\"wpforms-validate wpforms-form\" data-formid=\"7\" method=\"post\" enctype=\"multipart\/form-data\" action=\"\/en\/wp-json\/wp\/v2\/pages\/16\" data-token=\"aeff89a69706083fb6b3baa19116779d\" data-token-time=\"1777634902\"><noscript class=\"wpforms-error-noscript\">Please enable JavaScript in your browser to complete this form.<\/noscript><div class=\"wpforms-field-container\"><div id=\"wpforms-7-field_0-container\" class=\"wpforms-field wpforms-field-name\" data-field-id=\"0\"><label class=\"wpforms-field-label\" for=\"wpforms-7-field_0\">N\u00e9v <span class=\"wpforms-required-label\">*<\/span><\/label><input type=\"text\" id=\"wpforms-7-field_0\" class=\"wpforms-field-large wpforms-field-required\" name=\"wpforms[fields][0]\" required><\/div><div id=\"wpforms-7-field_1-container\" class=\"wpforms-field wpforms-field-email\" data-field-id=\"1\"><label class=\"wpforms-field-label\" for=\"wpforms-7-field_1\">Email <span class=\"wpforms-required-label\">*<\/span><\/label><input type=\"email\" id=\"wpforms-7-field_1\" class=\"wpforms-field-large wpforms-field-required\" name=\"wpforms[fields][1]\" spellcheck=\"false\" required><\/div><div id=\"wpforms-7-field_2-container\" class=\"wpforms-field wpforms-field-textarea\" data-field-id=\"2\"><label class=\"wpforms-field-label\" for=\"wpforms-7-field_2\">\u00dczenet <span class=\"wpforms-required-label\">*<\/span><\/label><textarea id=\"wpforms-7-field_2\" class=\"wpforms-field-medium wpforms-field-required\" name=\"wpforms[fields][2]\" required><\/textarea><\/div><\/div><!-- .wpforms-field-container --><div class=\"wpforms-submit-container\" ><input type=\"hidden\" name=\"wpforms[id]\" value=\"7\"><input type=\"hidden\" name=\"page_title\" value=\"\"><input type=\"hidden\" name=\"page_url\" value=\"https:\/\/www.artep.hu\/en\/wp-json\/wp\/v2\/pages\/16\"><input type=\"hidden\" name=\"url_referer\" value=\"\"><button type=\"submit\" name=\"wpforms[submit]\" id=\"wpforms-submit-7\" class=\"wpforms-submit\" data-alt-text=\"K\u00fcld\u00e9s...\" data-submit-text=\"Elk\u00fcld\u00f6m\" aria-live=\"assertive\" value=\"wpforms-submit\">Elk\u00fcld\u00f6m<\/button><\/div><\/form><\/div>  <!-- .wpforms-container -->\t\t\t\t<\/div>\n\t\t\t\t<\/div>\n\t\t\t\t\t<\/div>\n\t\t<\/div>\n\t\t\t\t\t<\/div>\n\t\t<\/section>\n\t\t\t\t<\/div>\n\t\t","protected":false},"excerpt":{"rendered":"<p>Kapcsolat Szeretn\u00e9l egy log\u00f3t a v\u00e1llalkoz\u00e1sodnak vagy egy komplett arculatot? \u00dct\u0151s sz\u00f3r\u00f3lapra van sz\u00fcks\u00e9ged vagy egy figyelemfelkelt\u0151 bor\u00edt\u00f3ra? Van m\u00e1r konkr\u00e9t elk\u00e9pzel\u00e9sed \u00e9s szeretn\u00e9l \u00e1raj\u00e1nlatot k\u00e9rni? Akkor ne habozz, l\u00e9pj velem kapcsolatba!<\/p>","protected":false},"author":1,"featured_media":0,"parent":0,"menu_order":0,"comment_status":"closed","ping_status":"closed","template":"","meta":{"_editorskit_title_hidden":false,"_editorskit_reading_time":0,"_editorskit_is_block_options_detached":false,"_editorskit_block_options_position":"{}","site-sidebar-layout":"no-sidebar","site-content-layout":"page-builder","ast-site-content-layout":"","site-content-style":"default","site-sidebar-style":"default","ast-global-header-display":"","ast-banner-title-visibility":"","ast-main-header-display":"","ast-hfb-above-header-display":"","ast-hfb-below-header-display":"","ast-hfb-mobile-header-display":"","site-post-title":"disabled","ast-breadcrumbs-content":"disabled","ast-featured-img":"disabled","footer-sml-layout":"","theme-transparent-header-meta":"enabled","adv-header-id-meta":"","stick-header-meta":"","header-above-stick-meta":"","header-main-stick-meta":"","header-below-stick-meta":"","astra-migrate-meta-layouts":"default","ast-page-background-enabled":"default","ast-page-background-meta":{"desktop":{"background-color":"","background-image":"","background-repeat":"repeat","background-position":"center center","background-size":"auto","background-attachment":"scroll","background-type":"","background-media":"","overlay-type":"","overlay-color":"","overlay-opacity":"","overlay-gradient":""},"tablet":{"background-color":"","background-image":"","background-repeat":"repeat","background-position":"center center","background-size":"auto","background-attachment":"scroll","background-type":"","background-media":"","overlay-type":"","overlay-color":"","overlay-opacity":"","overlay-gradient":""},"mobile":{"background-color":"","background-image":"","background-repeat":"repeat","background-position":"center center","background-size":"auto","background-attachment":"scroll","background-type":"","background-media":"","overlay-type":"","overlay-color":"","overlay-opacity":"","overlay-gradient":""}},"ast-content-background-meta":{"desktop":{"background-color":"var(--ast-global-color-5)","background-image":"","background-repeat":"repeat","background-position":"center center","background-size":"auto","background-attachment":"scroll","background-type":"","background-media":"","overlay-type":"","overlay-color":"","overlay-opacity":"","overlay-gradient":""},"tablet":{"background-color":"var(--ast-global-color-5)","background-image":"","background-repeat":"repeat","background-position":"center center","background-size":"auto","background-attachment":"scroll","background-type":"","background-media":"","overlay-type":"","overlay-color":"","overlay-opacity":"","overlay-gradient":""},"mobile":{"background-color":"var(--ast-global-color-5)","background-image":"","background-repeat":"repeat","background-position":"center center","background-size":"auto","background-attachment":"scroll","background-type":"","background-media":"","overlay-type":"","overlay-color":"","overlay-opacity":"","overlay-gradient":""}},"footnotes":""},"class_list":["post-16","page","type-page","status-publish","hentry"],"yoast_head":"<!-- This site is optimized with the Yoast SEO plugin v27.5 - https:\/\/yoast.com\/product\/yoast-seo-wordpress\/ -->\n<title>Kapcsolat - Artep Graphic Designs<\/title>\n<meta name=\"description\" content=\"Szeretn\u00e9l egy log\u00f3t a v\u00e1llalkoz\u00e1sodnak vagy egy komplett arculatot? Akkor ne habozz, l\u00e9pj velem kapcsolatba!\" \/>\n<meta name=\"robots\" content=\"index, follow, max-snippet:-1, max-image-preview:large, max-video-preview:-1\" \/>\n<link rel=\"canonical\" href=\"https:\/\/www.artep.hu\/en\/kapcsolat\/\" \/>\n<meta property=\"og:locale\" content=\"en_US\" \/>\n<meta property=\"og:type\" content=\"article\" \/>\n<meta property=\"og:title\" content=\"Kapcsolat - Artep Graphic Designs\" \/>\n<meta property=\"og:description\" content=\"Szeretn\u00e9l egy log\u00f3t a v\u00e1llalkoz\u00e1sodnak vagy egy komplett arculatot? Akkor ne habozz, l\u00e9pj velem kapcsolatba!\" \/>\n<meta property=\"og:url\" content=\"https:\/\/www.artep.hu\/en\/kapcsolat\/\" \/>\n<meta property=\"og:site_name\" content=\"Artep Graphic Designs\" \/>\n<meta property=\"article:modified_time\" content=\"2023-10-19T11:24:57+00:00\" \/>\n<meta property=\"og:image\" content=\"https:\/\/www.artep.hu\/wp-content\/uploads\/2023\/07\/laptop-scaled.jpg\" \/>\n<meta name=\"twitter:card\" content=\"summary_large_image\" \/>\n<meta name=\"twitter:label1\" content=\"Est. reading time\" \/>\n\t<meta name=\"twitter:data1\" content=\"1 minute\" \/>\n<script type=\"application\/ld+json\" class=\"yoast-schema-graph\">{\"@context\":\"https:\\\/\\\/schema.org\",\"@graph\":[{\"@type\":\"WebPage\",\"@id\":\"https:\\\/\\\/www.artep.hu\\\/kapcsolat\\\/\",\"url\":\"https:\\\/\\\/www.artep.hu\\\/kapcsolat\\\/\",\"name\":\"Kapcsolat - Artep Graphic Designs\",\"isPartOf\":{\"@id\":\"https:\\\/\\\/www.artep.hu\\\/#website\"},\"primaryImageOfPage\":{\"@id\":\"https:\\\/\\\/www.artep.hu\\\/kapcsolat\\\/#primaryimage\"},\"image\":{\"@id\":\"https:\\\/\\\/www.artep.hu\\\/kapcsolat\\\/#primaryimage\"},\"thumbnailUrl\":\"https:\\\/\\\/www.artep.hu\\\/wp-content\\\/uploads\\\/2023\\\/07\\\/laptop-scaled.jpg\",\"datePublished\":\"2021-05-19T07:42:09+00:00\",\"dateModified\":\"2023-10-19T11:24:57+00:00\",\"description\":\"Szeretn\u00e9l egy log\u00f3t a v\u00e1llalkoz\u00e1sodnak vagy egy komplett arculatot? Akkor ne habozz, l\u00e9pj velem kapcsolatba!\",\"breadcrumb\":{\"@id\":\"https:\\\/\\\/www.artep.hu\\\/kapcsolat\\\/#breadcrumb\"},\"inLanguage\":\"en-US\",\"potentialAction\":[{\"@type\":\"ReadAction\",\"target\":[\"https:\\\/\\\/www.artep.hu\\\/kapcsolat\\\/\"]}]},{\"@type\":\"ImageObject\",\"inLanguage\":\"en-US\",\"@id\":\"https:\\\/\\\/www.artep.hu\\\/kapcsolat\\\/#primaryimage\",\"url\":\"https:\\\/\\\/www.artep.hu\\\/wp-content\\\/uploads\\\/2023\\\/07\\\/laptop-scaled.jpg\",\"contentUrl\":\"https:\\\/\\\/www.artep.hu\\\/wp-content\\\/uploads\\\/2023\\\/07\\\/laptop-scaled.jpg\"},{\"@type\":\"BreadcrumbList\",\"@id\":\"https:\\\/\\\/www.artep.hu\\\/kapcsolat\\\/#breadcrumb\",\"itemListElement\":[{\"@type\":\"ListItem\",\"position\":1,\"name\":\"Kezd\u0151lap\",\"item\":\"https:\\\/\\\/www.artep.hu\\\/\"},{\"@type\":\"ListItem\",\"position\":2,\"name\":\"Kapcsolat\"}]},{\"@type\":\"WebSite\",\"@id\":\"https:\\\/\\\/www.artep.hu\\\/#website\",\"url\":\"https:\\\/\\\/www.artep.hu\\\/\",\"name\":\"Artep Graphic Designs\",\"description\":\"\",\"publisher\":{\"@id\":\"https:\\\/\\\/www.artep.hu\\\/#\\\/schema\\\/person\\\/f4ff1eca2b9fb73f9a5dce3a46f9e34b\"},\"potentialAction\":[{\"@type\":\"SearchAction\",\"target\":{\"@type\":\"EntryPoint\",\"urlTemplate\":\"https:\\\/\\\/www.artep.hu\\\/?s={search_term_string}\"},\"query-input\":{\"@type\":\"PropertyValueSpecification\",\"valueRequired\":true,\"valueName\":\"search_term_string\"}}],\"inLanguage\":\"en-US\"},{\"@type\":[\"Person\",\"Organization\"],\"@id\":\"https:\\\/\\\/www.artep.hu\\\/#\\\/schema\\\/person\\\/f4ff1eca2b9fb73f9a5dce3a46f9e34b\",\"name\":\"K\u00f6teles Petra\",\"image\":{\"@type\":\"ImageObject\",\"inLanguage\":\"en-US\",\"@id\":\"https:\\\/\\\/www.artep.hu\\\/wp-content\\\/uploads\\\/2026\\\/01\\\/cropped-ARTEP.png\",\"url\":\"https:\\\/\\\/www.artep.hu\\\/wp-content\\\/uploads\\\/2026\\\/01\\\/cropped-ARTEP.png\",\"contentUrl\":\"https:\\\/\\\/www.artep.hu\\\/wp-content\\\/uploads\\\/2026\\\/01\\\/cropped-ARTEP.png\",\"width\":1999,\"height\":1659,\"caption\":\"K\u00f6teles Petra\"},\"logo\":{\"@id\":\"https:\\\/\\\/www.artep.hu\\\/wp-content\\\/uploads\\\/2026\\\/01\\\/cropped-ARTEP.png\"},\"sameAs\":[\"https:\\\/\\\/www.artep.hu\"]}]}<\/script>\n<!-- \/ Yoast SEO plugin. -->","yoast_head_json":{"title":"Kapcsolat - Artep Graphic Designs","description":"Szeretn\u00e9l egy log\u00f3t a v\u00e1llalkoz\u00e1sodnak vagy egy komplett arculatot? Akkor ne habozz, l\u00e9pj velem kapcsolatba!","robots":{"index":"index","follow":"follow","max-snippet":"max-snippet:-1","max-image-preview":"max-image-preview:large","max-video-preview":"max-video-preview:-1"},"canonical":"https:\/\/www.artep.hu\/en\/kapcsolat\/","og_locale":"en_US","og_type":"article","og_title":"Kapcsolat - Artep Graphic Designs","og_description":"Szeretn\u00e9l egy log\u00f3t a v\u00e1llalkoz\u00e1sodnak vagy egy komplett arculatot? Akkor ne habozz, l\u00e9pj velem kapcsolatba!","og_url":"https:\/\/www.artep.hu\/en\/kapcsolat\/","og_site_name":"Artep Graphic Designs","article_modified_time":"2023-10-19T11:24:57+00:00","og_image":[{"url":"https:\/\/www.artep.hu\/wp-content\/uploads\/2023\/07\/laptop-scaled.jpg","type":"","width":"","height":""}],"twitter_card":"summary_large_image","twitter_misc":{"Est. reading time":"1 minute"},"schema":{"@context":"https:\/\/schema.org","@graph":[{"@type":"WebPage","@id":"https:\/\/www.artep.hu\/kapcsolat\/","url":"https:\/\/www.artep.hu\/kapcsolat\/","name":"Kapcsolat - Artep Graphic Designs","isPartOf":{"@id":"https:\/\/www.artep.hu\/#website"},"primaryImageOfPage":{"@id":"https:\/\/www.artep.hu\/kapcsolat\/#primaryimage"},"image":{"@id":"https:\/\/www.artep.hu\/kapcsolat\/#primaryimage"},"thumbnailUrl":"https:\/\/www.artep.hu\/wp-content\/uploads\/2023\/07\/laptop-scaled.jpg","datePublished":"2021-05-19T07:42:09+00:00","dateModified":"2023-10-19T11:24:57+00:00","description":"Szeretn\u00e9l egy log\u00f3t a v\u00e1llalkoz\u00e1sodnak vagy egy komplett arculatot? Akkor ne habozz, l\u00e9pj velem kapcsolatba!","breadcrumb":{"@id":"https:\/\/www.artep.hu\/kapcsolat\/#breadcrumb"},"inLanguage":"en-US","potentialAction":[{"@type":"ReadAction","target":["https:\/\/www.artep.hu\/kapcsolat\/"]}]},{"@type":"ImageObject","inLanguage":"en-US","@id":"https:\/\/www.artep.hu\/kapcsolat\/#primaryimage","url":"https:\/\/www.artep.hu\/wp-content\/uploads\/2023\/07\/laptop-scaled.jpg","contentUrl":"https:\/\/www.artep.hu\/wp-content\/uploads\/2023\/07\/laptop-scaled.jpg"},{"@type":"BreadcrumbList","@id":"https:\/\/www.artep.hu\/kapcsolat\/#breadcrumb","itemListElement":[{"@type":"ListItem","position":1,"name":"Kezd\u0151lap","item":"https:\/\/www.artep.hu\/"},{"@type":"ListItem","position":2,"name":"Kapcsolat"}]},{"@type":"WebSite","@id":"https:\/\/www.artep.hu\/#website","url":"https:\/\/www.artep.hu\/","name":"Artep Graphic Designs","description":"","publisher":{"@id":"https:\/\/www.artep.hu\/#\/schema\/person\/f4ff1eca2b9fb73f9a5dce3a46f9e34b"},"potentialAction":[{"@type":"SearchAction","target":{"@type":"EntryPoint","urlTemplate":"https:\/\/www.artep.hu\/?s={search_term_string}"},"query-input":{"@type":"PropertyValueSpecification","valueRequired":true,"valueName":"search_term_string"}}],"inLanguage":"en-US"},{"@type":["Person","Organization"],"@id":"https:\/\/www.artep.hu\/#\/schema\/person\/f4ff1eca2b9fb73f9a5dce3a46f9e34b","name":"K\u00f6teles Petra","image":{"@type":"ImageObject","inLanguage":"en-US","@id":"https:\/\/www.artep.hu\/wp-content\/uploads\/2026\/01\/cropped-ARTEP.png","url":"https:\/\/www.artep.hu\/wp-content\/uploads\/2026\/01\/cropped-ARTEP.png","contentUrl":"https:\/\/www.artep.hu\/wp-content\/uploads\/2026\/01\/cropped-ARTEP.png","width":1999,"height":1659,"caption":"K\u00f6teles Petra"},"logo":{"@id":"https:\/\/www.artep.hu\/wp-content\/uploads\/2026\/01\/cropped-ARTEP.png"},"sameAs":["https:\/\/www.artep.hu"]}]}},"_links":{"self":[{"href":"https:\/\/www.artep.hu\/en\/wp-json\/wp\/v2\/pages\/16","targetHints":{"allow":["GET"]}}],"collection":[{"href":"https:\/\/www.artep.hu\/en\/wp-json\/wp\/v2\/pages"}],"about":[{"href":"https:\/\/www.artep.hu\/en\/wp-json\/wp\/v2\/types\/page"}],"author":[{"embeddable":true,"href":"https:\/\/www.artep.hu\/en\/wp-json\/wp\/v2\/users\/1"}],"replies":[{"embeddable":true,"href":"https:\/\/www.artep.hu\/en\/wp-json\/wp\/v2\/comments?post=16"}],"version-history":[{"count":29,"href":"https:\/\/www.artep.hu\/en\/wp-json\/wp\/v2\/pages\/16\/revisions"}],"predecessor-version":[{"id":1403,"href":"https:\/\/www.artep.hu\/en\/wp-json\/wp\/v2\/pages\/16\/revisions\/1403"}],"wp:attachment":[{"href":"https:\/\/www.artep.hu\/en\/wp-json\/wp\/v2\/media?parent=16"}],"curies":[{"name":"wp","href":"https:\/\/api.w.org\/{rel}","templated":true}]}}